{"id":624,"date":"2018-05-09T10:41:22","date_gmt":"2018-05-09T09:41:22","guid":{"rendered":"http:\/\/jomi-film.com\/?page_id=624"},"modified":"2019-01-30T18:25:33","modified_gmt":"2019-01-30T17:25:33","slug":"presse","status":"publish","type":"page","link":"https:\/\/jomi-film.com\/en\/presse\/","title":{"rendered":"Press Release"},"content":{"rendered":"<div class=\"wplinkpreview\">\n<p class=\"wplinkpreview-image\"><a href=\"https:\/\/www.vdl.lu\/la-ville\/engagements-de-la-ville\/actions-sociales\/personnes-besoins-specifiques\/semaines-de-sensibilisation\/projections-de-films\" target=\"_blank\" rel=\"noopener\"> <img decoding=\"async\" src=\"https:\/\/www.vdl.lu\/sites\/default\/files\/styles\/meta\/public\/media\/image\/2017-08\/unipopcine_lecon0_10.jpg?itok=7x8EZINK\" alt=\"Projections de films | Ville de Luxembourg\"> <\/a><\/p>\n<p class=\"wplinkpreview-title\"><a href=\"https:\/\/www.vdl.lu\/la-ville\/engagements-de-la-ville\/actions-sociales\/personnes-besoins-specifiques\/semaines-de-sensibilisation\/projections-de-films\" target=\"_blank\" rel=\"noopener\"> Projections de films | Ville de Luxembourg <\/a><\/p>\n<p class=\"wplinkpreview-description\">En partenariat avec \u00ab Trisomie21 \u00bb, Fondation EME (Ecouter pour Mieux s\u2019Entendre) et Kinepolis, 2 films et un avant-film seront pr\u00e9sent\u00e9s.<\/p>\n<p class=\"wplinkpreview-source\"><a href=\"https:\/\/www.vdl.lu\/la-ville\/engagements-de-la-ville\/actions-sociales\/personnes-besoins-specifiques\/semaines-de-sensibilisation\/projections-de-films\" target=\"_blank\" rel=\"noopener\"> www.vdl.lu <\/a><\/p>\n<\/div>\n<div class=\"wplinkpreview-image\">&nbsp;<\/div>\n<p class=\"wplinkpreview-title\"><a href=\"https:\/\/www.supermiro.com\/fr\/mirette\/70097-jomi-silencieux-mais-pas-sans-voix-film-kinepolis-kirchberg-luxembourg\" target=\"_blank\" rel=\"noopener\"> JOMI \u2013 silencieux, mais pas sans voix &#8211; Film &#8211; Kinepolis Kirchberg <\/a><\/p>\n<p class=\"wplinkpreview-description\">Avant la repr\u00e9sentation, JOMI nous entra\u00eene dans son monde merveilleux du silence avec un extrait de son r\u00e9pertoire. Pr\u00e9sentation du film suivie d\u2019une discussion en pr\u00e9sence du pantomime JOMI et du r\u00e9alisateur Sebastian Voltmer. Le film \u00ab Silencieux mais pas sans voix \u00bb, dernier film du cin\u00e9aste allemand Sebastian Voltmer, montre des sc\u00e8nes de sa vie, ainsi que des extraits du r\u00e9pertoire sc\u00e9nique vari\u00e9 de JOMI. Son savoir-faire est tr\u00e8s diversifi\u00e9 : de s\u00e9rieux \u00e0 enjou\u00e9, de r\u00e9fl\u00e9chi \u00e0 joyeux, de p\u00e9tillant \u00e0 audacieux. Josef Michael Kreutzer est sourd depuis sa premi\u00e8re ann\u00e9e de vie, caus\u00e9e par une m\u00e9ningite, mais aucun spectateur ne voit JOMI sur sc\u00e8ne, comme une personne ayant un handicap.<\/p>\n<p class=\"wplinkpreview-source\"><a href=\"https:\/\/www.supermiro.com\/fr\/mirette\/70097-jomi-silencieux-mais-pas-sans-voix-film-kinepolis-kirchberg-luxembourg\" target=\"_blank\" rel=\"noopener\"> www.supermiro.com <\/a><\/p>\n<p>&nbsp;<\/p>\n","protected":false},"excerpt":{"rendered":"<p>Projections de films | Ville de Luxembourg En partenariat avec \u00ab Trisomie21 \u00bb, Fondation EME (Ecouter pour Mieux s\u2019Entendre) et Kinepolis, 2 films et un avant-film seront pr\u00e9sent\u00e9s. www.vdl.lu &nbsp; JOMI \u2013 silencieux, mais pas sans voix &#8211; Film &#8211; Kinepolis Kirchberg Avant la repr\u00e9sentation, JOMI nous entra\u00eene dans son monde merveilleux du silence avec un extrait de son r\u00e9pertoire.<\/p>\n<p><a class=\"more-link\" href=\"https:\/\/jomi-film.com\/en\/presse\/\">Read More<\/a><\/p>\n","protected":false},"author":1,"featured_media":0,"parent":0,"menu_order":0,"comment_status":"closed","ping_status":"closed","template":"","meta":{"ngg_post_thumbnail":0,"footnotes":""},"class_list":["post-624","page","type-page","status-publish","hentry"],"yoast_head":"<!-- This site is optimized with the Yoast SEO plugin v27.2 - https:\/\/yoast.com\/product\/yoast-seo-wordpress\/ -->\n<title>Presse | Film | Dokumentarfilm | JOMI | Inklusion<\/title>\n<meta name=\"robots\" content=\"index, follow, max-snippet:-1, max-image-preview:large, max-video-preview:-1\" \/>\n<link rel=\"canonical\" href=\"https:\/\/jomi-film.com\/en\/presse\/\" \/>\n<meta property=\"og:locale\" content=\"en_US\" \/>\n<meta property=\"og:type\" content=\"article\" \/>\n<meta property=\"og:title\" content=\"Presse | Film | Dokumentarfilm | JOMI | Inklusion\" \/>\n<meta property=\"og:description\" content=\"Projections de films | Ville de Luxembourg En partenariat avec \u00ab Trisomie21 \u00bb, Fondation EME (Ecouter pour Mieux s\u2019Entendre) et Kinepolis, 2 films et un avant-film seront pr\u00e9sent\u00e9s. www.vdl.lu &nbsp; JOMI \u2013 silencieux, mais pas sans voix &#8211; Film &#8211; Kinepolis Kirchberg Avant la repr\u00e9sentation, JOMI nous entra\u00eene dans son monde merveilleux du silence avec un extrait de son r\u00e9pertoire.Read More\" \/>\n<meta property=\"og:url\" content=\"https:\/\/jomi-film.com\/en\/presse\/\" \/>\n<meta property=\"og:site_name\" content=\"JOMI \u2013 lautlos, aber nicht sprachlos\" \/>\n<meta property=\"article:modified_time\" content=\"2019-01-30T17:25:33+00:00\" \/>\n<meta property=\"og:image\" content=\"https:\/\/www.vdl.lu\/sites\/default\/files\/styles\/meta\/public\/media\/image\/2017-08\/unipopcine_lecon0_10.jpg?itok=7x8EZINK\" \/>\n<meta name=\"twitter:card\" content=\"summary_large_image\" \/>\n<meta name=\"twitter:label1\" content=\"Est. reading time\" \/>\n\t<meta name=\"twitter:data1\" content=\"1 minute\" \/>\n<script type=\"application\/ld+json\" class=\"yoast-schema-graph\">{\"@context\":\"https:\/\/schema.org\",\"@graph\":[{\"@type\":\"WebPage\",\"@id\":\"https:\/\/jomi-film.com\/en\/presse\/\",\"url\":\"https:\/\/jomi-film.com\/en\/presse\/\",\"name\":\"Presse | Film | Dokumentarfilm | JOMI | Inklusion\",\"isPartOf\":{\"@id\":\"https:\/\/jomi-film.com\/en\/#website\"},\"primaryImageOfPage\":{\"@id\":\"https:\/\/jomi-film.com\/en\/presse\/#primaryimage\"},\"image\":{\"@id\":\"https:\/\/jomi-film.com\/en\/presse\/#primaryimage\"},\"thumbnailUrl\":\"https:\/\/www.vdl.lu\/sites\/default\/files\/styles\/meta\/public\/media\/image\/2017-08\/unipopcine_lecon0_10.jpg?itok=7x8EZINK\",\"datePublished\":\"2018-05-09T09:41:22+00:00\",\"dateModified\":\"2019-01-30T17:25:33+00:00\",\"breadcrumb\":{\"@id\":\"https:\/\/jomi-film.com\/en\/presse\/#breadcrumb\"},\"inLanguage\":\"en-US\",\"potentialAction\":[{\"@type\":\"ReadAction\",\"target\":[\"https:\/\/jomi-film.com\/en\/presse\/\"]}]},{\"@type\":\"ImageObject\",\"inLanguage\":\"en-US\",\"@id\":\"https:\/\/jomi-film.com\/en\/presse\/#primaryimage\",\"url\":\"https:\/\/www.vdl.lu\/sites\/default\/files\/styles\/meta\/public\/media\/image\/2017-08\/unipopcine_lecon0_10.jpg?itok=7x8EZINK\",\"contentUrl\":\"https:\/\/www.vdl.lu\/sites\/default\/files\/styles\/meta\/public\/media\/image\/2017-08\/unipopcine_lecon0_10.jpg?itok=7x8EZINK\"},{\"@type\":\"BreadcrumbList\",\"@id\":\"https:\/\/jomi-film.com\/en\/presse\/#breadcrumb\",\"itemListElement\":[{\"@type\":\"ListItem\",\"position\":1,\"name\":\"Startseite\",\"item\":\"https:\/\/jomi-film.com\/en\/\"},{\"@type\":\"ListItem\",\"position\":2,\"name\":\"Press Release\"}]},{\"@type\":\"WebSite\",\"@id\":\"https:\/\/jomi-film.com\/en\/#website\",\"url\":\"https:\/\/jomi-film.com\/en\/\",\"name\":\"JOMI \u2013 lautlos, aber nicht sprachlos\",\"description\":\"Ein Dokumentarfilm von Sebastian Voltmer\",\"potentialAction\":[{\"@type\":\"SearchAction\",\"target\":{\"@type\":\"EntryPoint\",\"urlTemplate\":\"https:\/\/jomi-film.com\/en\/?s={search_term_string}\"},\"query-input\":{\"@type\":\"PropertyValueSpecification\",\"valueRequired\":true,\"valueName\":\"search_term_string\"}}],\"inLanguage\":\"en-US\"}]}<\/script>\n<!-- \/ Yoast SEO plugin. -->","yoast_head_json":{"title":"Presse | Film | Dokumentarfilm | JOMI | Inklusion","robots":{"index":"index","follow":"follow","max-snippet":"max-snippet:-1","max-image-preview":"max-image-preview:large","max-video-preview":"max-video-preview:-1"},"canonical":"https:\/\/jomi-film.com\/en\/presse\/","og_locale":"en_US","og_type":"article","og_title":"Presse | Film | Dokumentarfilm | JOMI | Inklusion","og_description":"Projections de films | Ville de Luxembourg En partenariat avec \u00ab Trisomie21 \u00bb, Fondation EME (Ecouter pour Mieux s\u2019Entendre) et Kinepolis, 2 films et un avant-film seront pr\u00e9sent\u00e9s. www.vdl.lu &nbsp; JOMI \u2013 silencieux, mais pas sans voix &#8211; Film &#8211; Kinepolis Kirchberg Avant la repr\u00e9sentation, JOMI nous entra\u00eene dans son monde merveilleux du silence avec un extrait de son r\u00e9pertoire.Read More","og_url":"https:\/\/jomi-film.com\/en\/presse\/","og_site_name":"JOMI \u2013 lautlos, aber nicht sprachlos","article_modified_time":"2019-01-30T17:25:33+00:00","og_image":[{"url":"https:\/\/www.vdl.lu\/sites\/default\/files\/styles\/meta\/public\/media\/image\/2017-08\/unipopcine_lecon0_10.jpg?itok=7x8EZINK","type":"","width":"","height":""}],"twitter_card":"summary_large_image","twitter_misc":{"Est. reading time":"1 minute"},"schema":{"@context":"https:\/\/schema.org","@graph":[{"@type":"WebPage","@id":"https:\/\/jomi-film.com\/en\/presse\/","url":"https:\/\/jomi-film.com\/en\/presse\/","name":"Presse | Film | Dokumentarfilm | JOMI | Inklusion","isPartOf":{"@id":"https:\/\/jomi-film.com\/en\/#website"},"primaryImageOfPage":{"@id":"https:\/\/jomi-film.com\/en\/presse\/#primaryimage"},"image":{"@id":"https:\/\/jomi-film.com\/en\/presse\/#primaryimage"},"thumbnailUrl":"https:\/\/www.vdl.lu\/sites\/default\/files\/styles\/meta\/public\/media\/image\/2017-08\/unipopcine_lecon0_10.jpg?itok=7x8EZINK","datePublished":"2018-05-09T09:41:22+00:00","dateModified":"2019-01-30T17:25:33+00:00","breadcrumb":{"@id":"https:\/\/jomi-film.com\/en\/presse\/#breadcrumb"},"inLanguage":"en-US","potentialAction":[{"@type":"ReadAction","target":["https:\/\/jomi-film.com\/en\/presse\/"]}]},{"@type":"ImageObject","inLanguage":"en-US","@id":"https:\/\/jomi-film.com\/en\/presse\/#primaryimage","url":"https:\/\/www.vdl.lu\/sites\/default\/files\/styles\/meta\/public\/media\/image\/2017-08\/unipopcine_lecon0_10.jpg?itok=7x8EZINK","contentUrl":"https:\/\/www.vdl.lu\/sites\/default\/files\/styles\/meta\/public\/media\/image\/2017-08\/unipopcine_lecon0_10.jpg?itok=7x8EZINK"},{"@type":"BreadcrumbList","@id":"https:\/\/jomi-film.com\/en\/presse\/#breadcrumb","itemListElement":[{"@type":"ListItem","position":1,"name":"Startseite","item":"https:\/\/jomi-film.com\/en\/"},{"@type":"ListItem","position":2,"name":"Press Release"}]},{"@type":"WebSite","@id":"https:\/\/jomi-film.com\/en\/#website","url":"https:\/\/jomi-film.com\/en\/","name":"JOMI \u2013 lautlos, aber nicht sprachlos","description":"Ein Dokumentarfilm von Sebastian Voltmer","potentialAction":[{"@type":"SearchAction","target":{"@type":"EntryPoint","urlTemplate":"https:\/\/jomi-film.com\/en\/?s={search_term_string}"},"query-input":{"@type":"PropertyValueSpecification","valueRequired":true,"valueName":"search_term_string"}}],"inLanguage":"en-US"}]}},"_links":{"self":[{"href":"https:\/\/jomi-film.com\/en\/wp-json\/wp\/v2\/pages\/624","targetHints":{"allow":["GET"]}}],"collection":[{"href":"https:\/\/jomi-film.com\/en\/wp-json\/wp\/v2\/pages"}],"about":[{"href":"https:\/\/jomi-film.com\/en\/wp-json\/wp\/v2\/types\/page"}],"author":[{"embeddable":true,"href":"https:\/\/jomi-film.com\/en\/wp-json\/wp\/v2\/users\/1"}],"replies":[{"embeddable":true,"href":"https:\/\/jomi-film.com\/en\/wp-json\/wp\/v2\/comments?post=624"}],"version-history":[{"count":7,"href":"https:\/\/jomi-film.com\/en\/wp-json\/wp\/v2\/pages\/624\/revisions"}],"predecessor-version":[{"id":633,"href":"https:\/\/jomi-film.com\/en\/wp-json\/wp\/v2\/pages\/624\/revisions\/633"}],"wp:attachment":[{"href":"https:\/\/jomi-film.com\/en\/wp-json\/wp\/v2\/media?parent=624"}],"curies":[{"name":"wp","href":"https:\/\/api.w.org\/{rel}","templated":true}]}}