{"id":564,"date":"2018-02-19T19:22:08","date_gmt":"2018-02-19T18:22:08","guid":{"rendered":"http:\/\/jomi-film.com\/?page_id=564"},"modified":"2025-08-25T12:48:03","modified_gmt":"2025-08-25T10:48:03","slug":"imprint","status":"publish","type":"page","link":"https:\/\/jomi-film.com\/en\/imprint\/","title":{"rendered":"Imprint"},"content":{"rendered":"<div class=\"entry-content clearfix\" style=\"text-align: justify;\">\n<h2>Imprint<\/h2>\n<p><span id=\"result_box\" class=\"\" lang=\"en\" tabindex=\"-1\"><span title=\"Manfred Voltmer \">Dr. Ulrike Voltmer<br \/>\n<\/span><span title=\"LichtenSTERN.tv \">LichtenSTERN.tv<br \/>\n<\/span><span title=\"Metzer Str. 65 \">Metzer Str. 65<br \/>\n<\/span><span title=\"66117 Saarbr\u00fccken \">66117 Saarbruecken<\/span><\/span><\/p>\n<p><span title=\"Telefon: 0172-6546911 \">Telephone: +49172-6546911<br \/>\n<\/span><span title=\"E-Mail: info@tv-film.de \">E-Mail: info@tv-film.de<\/span><\/p>\n<p><span title=\"Umsatzsteuer-ID: \">Tax ID:<br \/>\n<\/span><span title=\"Umsatzsteuer-Identifikationsnummer nach \u00a727a Umsatzsteuergesetz: \">Sales tax identification number according to \u00a727a sales tax law:<br \/>\n<\/span><span title=\"DE238890480 \">DE238890480<\/span><\/p>\n<p><span title=\"Verantwortlich f\u00fcr den Inhalt (gem. \u00a7 55 Abs. 2 RStV): \">Responsible for the content (according to German <strong>\u00a7 18 Abs. 2 MStV<\/strong>):<br \/>\n<\/span><span title=\"Manfred Voltmer \">Dr. Ulrike Voltmer<br \/>\n<\/span><span title=\"Metzer Str. 65 \">Metzer Str. 65<br \/>\n<\/span><span title=\"66117 Saarbr\u00fccken \">66117 Saarbruecken<\/span><\/p>\n<p><span title=\"Disclaimer \u2013 rechtliche Hinweise \">Disclaimer &#8211; legal notice<\/span><\/p>\n<p><span title=\"\u00a7 1 Warnhinweis zu Inhalten \">\u00a7 1 Warning on content<br \/>\n<\/span><span title=\"Die kostenlosen und frei zug\u00e4nglichen Inhalte dieser Webseite wurden mit gr\u00f6\u00dftm\u00f6glicher Sorgfalt erstellt.\">The free and freely accessible contents of this website were created with the greatest possible care. <\/span><span title=\"Der Anbieter dieser Webseite \u00fcbernimmt jedoch keine Gew\u00e4hr f\u00fcr die Richtigkeit und Aktualit\u00e4t der bereitgestellten kostenlosen und frei zug\u00e4nglichen journalistischen Ratgeber und Nachrichten.\">However, the provider of this website assumes no responsibility for the accuracy and timeliness of the provided free and freely accessible journalistic guides and news. <\/span><span title=\"Namentlich gekennzeichnete Beitr\u00e4ge geben die Meinung des jeweiligen Autors und nicht immer die Meinung des Anbieters wieder.\">Contributions marked by name reflect the opinion of the respective author and not always the opinion of the provider. <\/span><span title=\"Allein durch den Aufruf der kostenlosen und frei zug\u00e4nglichen Inhalte kommt keinerlei Vertragsverh\u00e4ltnis zwischen dem Nutzer und dem Anbieter zustande, insoweit fehlt es am Rechtsbindungswillen des Anbieters. \">Just by calling the free and freely accessible content, no contractual relationship between the user and the provider is concluded, insofar as it lacks the legal binding will of the provider.<\/span><\/p>\n<p><span title=\"\u00a7 2 Externe Links \">\u00a7 2 External links<br \/>\n<\/span><span title=\"Diese Website enth\u00e4lt Verkn\u00fcpfungen zu Websites Dritter (&quot;externe Links&quot;).\">This website contains links to third party websites (&#8220;external links&#8221;). <\/span><span title=\"Diese Websites unterliegen der Haftung der jeweiligen Betreiber.\">These websites are the responsibility of the respective operators. <\/span><span title=\"Der Anbieter hat bei der erstmaligen Verkn\u00fcpfung der externen Links die fremden Inhalte daraufhin \u00fcberpr\u00fcft, ob etwaige Rechtsverst\u00f6\u00dfe bestehen.\">The provider has checked the third-party content when first linking external links to determine whether any legal violations exist. <\/span><span title=\"Zu dem Zeitpunkt waren keine Rechtsverst\u00f6\u00dfe ersichtlich.\">At that time, no violations were evident. <\/span><span title=\"Der Anbieter hat keinerlei Einfluss auf die aktuelle und zuk\u00fcnftige Gestaltung und auf die Inhalte der verkn\u00fcpften Seiten.\">The provider has no influence on the current and future design and content of the linked pages. <\/span><span title=\"Das Setzen von externen Links bedeutet nicht, dass sich der Anbieter die hinter dem Verweis oder Link liegenden Inhalte zu Eigen macht.\">The setting of external links does not mean that the provider accepts the content behind the reference or link. <\/span><span title=\"Eine st\u00e4ndige Kontrolle der externen Links ist f\u00fcr den Anbieter ohne konkrete Hinweise auf Rechtsverst\u00f6\u00dfe nicht zumutbar.\">A constant control of external links is not reasonable for the provider without concrete evidence of legal violations. <\/span><span title=\"Bei Kenntnis von Rechtsverst\u00f6\u00dfen werden jedoch derartige externe Links unverz\u00fcglich gel\u00f6scht. \">With knowledge of legal offenses however such external links are deleted immediately.<\/span><\/p>\n<p><span title=\"\u00a7 3 Urheber- und Leistungsschutzrechte \">\u00a7 3 Copyright and ancillary copyright<br \/>\n<\/span><span title=\"Die auf dieser Website ver\u00f6ffentlichten Inhalte unterliegen dem deutschen Urheber- und Leistungsschutzrecht.\">The content published on this website is subject to German copyright and ancillary copyright. <\/span><span title=\"Jede vom deutschen Urheber- und Leistungsschutzrecht nicht zugelassene Verwertung bedarf der vorherigen schriftlichen Zustimmung des Anbieters oder jeweiligen Rechteinhabers.\">Any use not permitted by German copyright and ancillary copyright law requires the prior written consent of the provider or respective copyright holder. <\/span><span title=\"Dies gilt insbesondere f\u00fcr Vervielf\u00e4ltigung, Bearbeitung, \u00dcbersetzung, Einspeicherung, Verarbeitung bzw. Wiedergabe von Inhalten in Datenbanken oder anderen elektronischen Medien und Systemen.\">This applies in particular to duplication, processing, translation, storage, processing or reproduction of content in databases or other electronic media and systems. <\/span><span title=\"Inhalte und Rechte Dritter sind dabei als solche gekennzeichnet.\">Contents and rights of third parties are marked as such. <\/span><span title=\"Die unerlaubte Vervielf\u00e4ltigung oder Weitergabe einzelner Inhalte oder kompletter Seiten ist nicht gestattet und strafbar.\">The unauthorized duplication or passing on of individual contents or complete sides is not permitted and punishable. <\/span><span title=\"Lediglich die Herstellung von Kopien und Downloads f\u00fcr den pers\u00f6nlichen, privaten und nicht kommerziellen Gebrauch ist erlaubt. \">Only the production of copies and downloads for personal, private and non-commercial use is permitted.<\/span><\/p>\n<p><span title=\"Die Darstellung dieser Website in fremden Frames ist nur mit schriftlicher Erlaubnis zul\u00e4ssig. \">The presentation of this website in external frames is only permitted with written permission.<\/span><\/p>\n<p><span title=\"\u00a7 4 Besondere Nutzungsbedingungen \">\u00a7 4 Special conditions of use<br \/>\n<\/span><span title=\"Soweit besondere Bedingungen f\u00fcr einzelne Nutzungen dieser Website von den vorgenannten Paragraphen abweichen, wird an entsprechender Stelle ausdr\u00fccklich darauf hingewiesen.\">Insofar as special conditions for individual uses of this website deviate from the aforementioned paragraphs, this shall be expressly stated at the appropriate place. <\/span><span title=\"In diesem Falle gelten im jeweiligen Einzelfall die besonderen Nutzungsbedingungen.Quelle: Impressum-Generator von Impressum-Recht.de \">In this case, the particular conditions of use apply in each individual case.<br \/>\n<\/span><\/p>\n<p>&nbsp;<\/p>\n<\/div>\n<div id=\"privpol_div_rich_text_preview\" class=\"uk-width-1-1\">\n<p>&nbsp;<\/p>\n<p>&nbsp;<\/p>\n<\/div>\n","protected":false},"excerpt":{"rendered":"<p>Imprint Dr. Ulrike Voltmer LichtenSTERN.tv Metzer Str. 65 66117 Saarbruecken Telephone: +49172-6546911 E-Mail: info@tv-film.de Tax ID: Sales tax identification number according to \u00a727a sales tax law: DE238890480 Responsible for the content (according to German \u00a7 18 Abs. 2 MStV): Dr. Ulrike Voltmer Metzer Str. 65 66117 Saarbruecken Disclaimer &#8211; legal notice \u00a7 1 Warning on content The free and freely<\/p>\n<p><a class=\"more-link\" href=\"https:\/\/jomi-film.com\/en\/imprint\/\">Read More<\/a><\/p>\n","protected":false},"author":2,"featured_media":0,"parent":0,"menu_order":0,"comment_status":"closed","ping_status":"closed","template":"","meta":{"ngg_post_thumbnail":0,"footnotes":""},"class_list":["post-564","page","type-page","status-publish","hentry"],"yoast_head":"<!-- This site is optimized with the Yoast SEO plugin v27.2 - https:\/\/yoast.com\/product\/yoast-seo-wordpress\/ -->\n<title>Legal Information | Cinema | Documentary | JOMI | Inklusion | Sign language | Sebastian Voltmer | LichtenSTERN.tv<\/title>\n<meta name=\"robots\" content=\"index, follow, max-snippet:-1, max-image-preview:large, max-video-preview:-1\" \/>\n<link rel=\"canonical\" href=\"https:\/\/jomi-film.com\/en\/imprint\/\" \/>\n<meta property=\"og:locale\" content=\"en_US\" \/>\n<meta property=\"og:type\" content=\"article\" \/>\n<meta property=\"og:title\" content=\"Legal Information | Cinema | Documentary | JOMI | Inklusion | Sign language | Sebastian Voltmer | LichtenSTERN.tv\" \/>\n<meta property=\"og:description\" content=\"Imprint Dr. Ulrike Voltmer LichtenSTERN.tv Metzer Str. 65 66117 Saarbruecken Telephone: +49172-6546911 E-Mail: info@tv-film.de Tax ID: Sales tax identification number according to \u00a727a sales tax law: DE238890480 Responsible for the content (according to German \u00a7 18 Abs. 2 MStV): Dr. Ulrike Voltmer Metzer Str. 65 66117 Saarbruecken Disclaimer &#8211; legal notice \u00a7 1 Warning on content The free and freelyRead More\" \/>\n<meta property=\"og:url\" content=\"https:\/\/jomi-film.com\/en\/imprint\/\" \/>\n<meta property=\"og:site_name\" content=\"JOMI \u2013 lautlos, aber nicht sprachlos\" \/>\n<meta property=\"article:modified_time\" content=\"2025-08-25T10:48:03+00:00\" \/>\n<meta name=\"twitter:card\" content=\"summary_large_image\" \/>\n<meta name=\"twitter:label1\" content=\"Est. reading time\" \/>\n\t<meta name=\"twitter:data1\" content=\"2 minutes\" \/>\n<script type=\"application\/ld+json\" class=\"yoast-schema-graph\">{\"@context\":\"https:\/\/schema.org\",\"@graph\":[{\"@type\":\"WebPage\",\"@id\":\"https:\/\/jomi-film.com\/en\/imprint\/\",\"url\":\"https:\/\/jomi-film.com\/en\/imprint\/\",\"name\":\"Legal Information | Cinema | Documentary | JOMI | Inklusion | Sign language | Sebastian Voltmer | LichtenSTERN.tv\",\"isPartOf\":{\"@id\":\"https:\/\/jomi-film.com\/en\/#website\"},\"datePublished\":\"2018-02-19T18:22:08+00:00\",\"dateModified\":\"2025-08-25T10:48:03+00:00\",\"breadcrumb\":{\"@id\":\"https:\/\/jomi-film.com\/en\/imprint\/#breadcrumb\"},\"inLanguage\":\"en-US\",\"potentialAction\":[{\"@type\":\"ReadAction\",\"target\":[\"https:\/\/jomi-film.com\/en\/imprint\/\"]}]},{\"@type\":\"BreadcrumbList\",\"@id\":\"https:\/\/jomi-film.com\/en\/imprint\/#breadcrumb\",\"itemListElement\":[{\"@type\":\"ListItem\",\"position\":1,\"name\":\"Startseite\",\"item\":\"https:\/\/jomi-film.com\/en\/\"},{\"@type\":\"ListItem\",\"position\":2,\"name\":\"Imprint\"}]},{\"@type\":\"WebSite\",\"@id\":\"https:\/\/jomi-film.com\/en\/#website\",\"url\":\"https:\/\/jomi-film.com\/en\/\",\"name\":\"JOMI \u2013 lautlos, aber nicht sprachlos\",\"description\":\"Ein Dokumentarfilm von Sebastian Voltmer\",\"potentialAction\":[{\"@type\":\"SearchAction\",\"target\":{\"@type\":\"EntryPoint\",\"urlTemplate\":\"https:\/\/jomi-film.com\/en\/?s={search_term_string}\"},\"query-input\":{\"@type\":\"PropertyValueSpecification\",\"valueRequired\":true,\"valueName\":\"search_term_string\"}}],\"inLanguage\":\"en-US\"}]}<\/script>\n<!-- \/ Yoast SEO plugin. -->","yoast_head_json":{"title":"Legal Information | Cinema | Documentary | JOMI | Inklusion | Sign language | Sebastian Voltmer | LichtenSTERN.tv","robots":{"index":"index","follow":"follow","max-snippet":"max-snippet:-1","max-image-preview":"max-image-preview:large","max-video-preview":"max-video-preview:-1"},"canonical":"https:\/\/jomi-film.com\/en\/imprint\/","og_locale":"en_US","og_type":"article","og_title":"Legal Information | Cinema | Documentary | JOMI | Inklusion | Sign language | Sebastian Voltmer | LichtenSTERN.tv","og_description":"Imprint Dr. Ulrike Voltmer LichtenSTERN.tv Metzer Str. 65 66117 Saarbruecken Telephone: +49172-6546911 E-Mail: info@tv-film.de Tax ID: Sales tax identification number according to \u00a727a sales tax law: DE238890480 Responsible for the content (according to German \u00a7 18 Abs. 2 MStV): Dr. Ulrike Voltmer Metzer Str. 65 66117 Saarbruecken Disclaimer &#8211; legal notice \u00a7 1 Warning on content The free and freelyRead More","og_url":"https:\/\/jomi-film.com\/en\/imprint\/","og_site_name":"JOMI \u2013 lautlos, aber nicht sprachlos","article_modified_time":"2025-08-25T10:48:03+00:00","twitter_card":"summary_large_image","twitter_misc":{"Est. reading time":"2 minutes"},"schema":{"@context":"https:\/\/schema.org","@graph":[{"@type":"WebPage","@id":"https:\/\/jomi-film.com\/en\/imprint\/","url":"https:\/\/jomi-film.com\/en\/imprint\/","name":"Legal Information | Cinema | Documentary | JOMI | Inklusion | Sign language | Sebastian Voltmer | LichtenSTERN.tv","isPartOf":{"@id":"https:\/\/jomi-film.com\/en\/#website"},"datePublished":"2018-02-19T18:22:08+00:00","dateModified":"2025-08-25T10:48:03+00:00","breadcrumb":{"@id":"https:\/\/jomi-film.com\/en\/imprint\/#breadcrumb"},"inLanguage":"en-US","potentialAction":[{"@type":"ReadAction","target":["https:\/\/jomi-film.com\/en\/imprint\/"]}]},{"@type":"BreadcrumbList","@id":"https:\/\/jomi-film.com\/en\/imprint\/#breadcrumb","itemListElement":[{"@type":"ListItem","position":1,"name":"Startseite","item":"https:\/\/jomi-film.com\/en\/"},{"@type":"ListItem","position":2,"name":"Imprint"}]},{"@type":"WebSite","@id":"https:\/\/jomi-film.com\/en\/#website","url":"https:\/\/jomi-film.com\/en\/","name":"JOMI \u2013 lautlos, aber nicht sprachlos","description":"Ein Dokumentarfilm von Sebastian Voltmer","potentialAction":[{"@type":"SearchAction","target":{"@type":"EntryPoint","urlTemplate":"https:\/\/jomi-film.com\/en\/?s={search_term_string}"},"query-input":{"@type":"PropertyValueSpecification","valueRequired":true,"valueName":"search_term_string"}}],"inLanguage":"en-US"}]}},"_links":{"self":[{"href":"https:\/\/jomi-film.com\/en\/wp-json\/wp\/v2\/pages\/564","targetHints":{"allow":["GET"]}}],"collection":[{"href":"https:\/\/jomi-film.com\/en\/wp-json\/wp\/v2\/pages"}],"about":[{"href":"https:\/\/jomi-film.com\/en\/wp-json\/wp\/v2\/types\/page"}],"author":[{"embeddable":true,"href":"https:\/\/jomi-film.com\/en\/wp-json\/wp\/v2\/users\/2"}],"replies":[{"embeddable":true,"href":"https:\/\/jomi-film.com\/en\/wp-json\/wp\/v2\/comments?post=564"}],"version-history":[{"count":6,"href":"https:\/\/jomi-film.com\/en\/wp-json\/wp\/v2\/pages\/564\/revisions"}],"predecessor-version":[{"id":14068,"href":"https:\/\/jomi-film.com\/en\/wp-json\/wp\/v2\/pages\/564\/revisions\/14068"}],"wp:attachment":[{"href":"https:\/\/jomi-film.com\/en\/wp-json\/wp\/v2\/media?parent=564"}],"curies":[{"name":"wp","href":"https:\/\/api.w.org\/{rel}","templated":true}]}}