{"id":14246,"date":"2026-03-19T12:03:30","date_gmt":"2026-03-19T11:03:30","guid":{"rendered":"https:\/\/jomi-film.com\/?page_id=14246"},"modified":"2026-03-19T12:03:30","modified_gmt":"2026-03-19T11:03:30","slug":"jomi-film-at-arte-ard","status":"publish","type":"page","link":"https:\/\/jomi-film.com\/en\/jomi-film-at-arte-ard\/","title":{"rendered":"JOMI Film at Arte\/ARD"},"content":{"rendered":"<p><span style=\"color: #ff0000;\"><strong>Sebastian Voltmer also produced a version of the documentary about JOMI for Arte. It can be viewed below in the ARD media library (in German language).<\/strong><\/span><\/p>\n<div class=\"wplinkpreview\">\n<div class=\"wplinkpreview-image\">&nbsp;<\/div>\n<\/div>\n<div class=\"wplinkpreview\">\n<div class=\"wplinkpreview-image\"><a href=\"https:\/\/www.ardmediathek.de\/video\/dokumentationen-und-reportagen\/poet-der-stille-der-pantomime-jomi\/sr\/Y3JpZDovL3NyLW9ubGluZS5kZS9EVVJfMTU3MDA2\" target=\"_blank\" rel=\"noopener\"><img loading=\"lazy\" decoding=\"async\" class=\"alignleft\" src=\"https:\/\/www.ardmediathek.de\/img?imwidth=1280&amp;url=https%3A%2F%2Fapi.ardmediathek.de%2Fimage-service%2Fimages%2Furn%3Aard%3Aimage%3Afec1cd869faa90a8%3Fw%3D%7Bwidth%7D%26ch%3D9d4dcf2f27956164\" alt=\"Dokumentationen und Reportagen: Poet der Stille - Der Pantomime JOMI - hier anschauen\" width=\"1024\" height=\"576\"><\/a><\/div>\n<div class=\"wplinkpreview-title\"><a href=\"https:\/\/www.ardmediathek.de\/video\/dokumentationen-und-reportagen\/poet-der-stille-der-pantomime-jomi\/sr\/Y3JpZDovL3NyLW9ubGluZS5kZS9EVVJfMTU3MDA2\" target=\"_blank\" rel=\"noopener\"> Dokumentationen und Reportagen: Poet der Stille &#8211; Der Pantomime JOMI &#8211; hier anschauen <\/a><\/div>\n<div class=\"wplinkpreview-description\">Am 15.8.2025 ist der international bekannte Pantomime JOMI im Alter von 73 Jahren verstorben. Geboren wurde er als Josef Michael Kreutzer 1952 im saarl\u00e4ndischen Bous. Als erster Deutscher wurde er an der Schule des weltber\u00fchmten franz\u00f6sischen Pantomimen Marcel Marceau ausgebildet. K\u00fcnstlerisch blieb JOMI aktiv, war immer auf der Suche nach neuen Projekten und Partnern, zuletzt mit Musikerinnen. Der SR zeigt nun noch einmal ein filmisches Portr\u00e4t von Sebastian Voltmer aus dem Jahr 2021.<\/div>\n<div class=\"wplinkpreview-source\"><a href=\"https:\/\/www.ardmediathek.de\/video\/dokumentationen-und-reportagen\/poet-der-stille-der-pantomime-jomi\/sr\/Y3JpZDovL3NyLW9ubGluZS5kZS9EVVJfMTU3MDA2\" target=\"_blank\" rel=\"noopener\"> www.ardmediathek.de <\/a><\/div>\n<\/div>\n<p>&nbsp;<\/p>\n","protected":false},"excerpt":{"rendered":"<p>Sebastian Voltmer also produced a version of the documentary about JOMI for Arte. It can be viewed below in the ARD media library (in German language). &nbsp; Dokumentationen und Reportagen: Poet der Stille &#8211; Der Pantomime JOMI &#8211; hier anschauen Am 15.8.2025 ist der international bekannte Pantomime JOMI im Alter von 73 Jahren verstorben. Geboren wurde er als Josef Michael<\/p>\n<p><a class=\"more-link\" href=\"https:\/\/jomi-film.com\/en\/jomi-film-at-arte-ard\/\">Read More<\/a><\/p>\n","protected":false},"author":2,"featured_media":0,"parent":0,"menu_order":0,"comment_status":"closed","ping_status":"closed","template":"","meta":{"ngg_post_thumbnail":0,"footnotes":""},"class_list":["post-14246","page","type-page","status-publish","hentry"],"yoast_head":"<!-- This site is optimized with the Yoast SEO plugin v27.2 - https:\/\/yoast.com\/product\/yoast-seo-wordpress\/ -->\n<title>Dokumentary | Arte | German TV | JOMI | Inklusion | Sign language | Sebastian Voltmer | LichtenSTERN.tv<\/title>\n<meta name=\"robots\" content=\"index, follow, max-snippet:-1, max-image-preview:large, max-video-preview:-1\" \/>\n<link rel=\"canonical\" href=\"https:\/\/jomi-film.com\/en\/jomi-film-at-arte-ard\/\" \/>\n<meta property=\"og:locale\" content=\"en_US\" \/>\n<meta property=\"og:type\" content=\"article\" \/>\n<meta property=\"og:title\" content=\"Dokumentary | Arte | German TV | JOMI | Inklusion | Sign language | Sebastian Voltmer | LichtenSTERN.tv\" \/>\n<meta property=\"og:description\" content=\"Sebastian Voltmer also produced a version of the documentary about JOMI for Arte. It can be viewed below in the ARD media library (in German language). &nbsp; Dokumentationen und Reportagen: Poet der Stille &#8211; Der Pantomime JOMI &#8211; hier anschauen Am 15.8.2025 ist der international bekannte Pantomime JOMI im Alter von 73 Jahren verstorben. Geboren wurde er als Josef MichaelRead More\" \/>\n<meta property=\"og:url\" content=\"https:\/\/jomi-film.com\/en\/jomi-film-at-arte-ard\/\" \/>\n<meta property=\"og:site_name\" content=\"JOMI \u2013 lautlos, aber nicht sprachlos\" \/>\n<meta property=\"og:image\" content=\"https:\/\/www.ardmediathek.de\/img?imwidth=1280&amp;url=https%3A%2F%2Fapi.ardmediathek.de%2Fimage-service%2Fimages%2Furn%3Aard%3Aimage%3Afec1cd869faa90a8%3Fw%3D%7Bwidth%7D%26ch%3D9d4dcf2f27956164\" \/>\n<meta name=\"twitter:card\" content=\"summary_large_image\" \/>\n<meta name=\"twitter:label1\" content=\"Est. reading time\" \/>\n\t<meta name=\"twitter:data1\" content=\"1 minute\" \/>\n<script type=\"application\/ld+json\" class=\"yoast-schema-graph\">{\"@context\":\"https:\/\/schema.org\",\"@graph\":[{\"@type\":\"WebPage\",\"@id\":\"https:\/\/jomi-film.com\/en\/jomi-film-at-arte-ard\/\",\"url\":\"https:\/\/jomi-film.com\/en\/jomi-film-at-arte-ard\/\",\"name\":\"Dokumentary | Arte | German TV | JOMI | Inklusion | Sign language | Sebastian Voltmer | LichtenSTERN.tv\",\"isPartOf\":{\"@id\":\"https:\/\/jomi-film.com\/en\/#website\"},\"primaryImageOfPage\":{\"@id\":\"https:\/\/jomi-film.com\/en\/jomi-film-at-arte-ard\/#primaryimage\"},\"image\":{\"@id\":\"https:\/\/jomi-film.com\/en\/jomi-film-at-arte-ard\/#primaryimage\"},\"thumbnailUrl\":\"https:\/\/www.ardmediathek.de\/img?imwidth=1280&amp;url=https%3A%2F%2Fapi.ardmediathek.de%2Fimage-service%2Fimages%2Furn%3Aard%3Aimage%3Afec1cd869faa90a8%3Fw%3D%7Bwidth%7D%26ch%3D9d4dcf2f27956164\",\"datePublished\":\"2026-03-19T11:03:30+00:00\",\"breadcrumb\":{\"@id\":\"https:\/\/jomi-film.com\/en\/jomi-film-at-arte-ard\/#breadcrumb\"},\"inLanguage\":\"en-US\",\"potentialAction\":[{\"@type\":\"ReadAction\",\"target\":[\"https:\/\/jomi-film.com\/en\/jomi-film-at-arte-ard\/\"]}]},{\"@type\":\"ImageObject\",\"inLanguage\":\"en-US\",\"@id\":\"https:\/\/jomi-film.com\/en\/jomi-film-at-arte-ard\/#primaryimage\",\"url\":\"https:\/\/www.ardmediathek.de\/img?imwidth=1280&amp;url=https%3A%2F%2Fapi.ardmediathek.de%2Fimage-service%2Fimages%2Furn%3Aard%3Aimage%3Afec1cd869faa90a8%3Fw%3D%7Bwidth%7D%26ch%3D9d4dcf2f27956164\",\"contentUrl\":\"https:\/\/www.ardmediathek.de\/img?imwidth=1280&amp;url=https%3A%2F%2Fapi.ardmediathek.de%2Fimage-service%2Fimages%2Furn%3Aard%3Aimage%3Afec1cd869faa90a8%3Fw%3D%7Bwidth%7D%26ch%3D9d4dcf2f27956164\"},{\"@type\":\"BreadcrumbList\",\"@id\":\"https:\/\/jomi-film.com\/en\/jomi-film-at-arte-ard\/#breadcrumb\",\"itemListElement\":[{\"@type\":\"ListItem\",\"position\":1,\"name\":\"Startseite\",\"item\":\"https:\/\/jomi-film.com\/en\/\"},{\"@type\":\"ListItem\",\"position\":2,\"name\":\"JOMI Film at Arte\/ARD\"}]},{\"@type\":\"WebSite\",\"@id\":\"https:\/\/jomi-film.com\/en\/#website\",\"url\":\"https:\/\/jomi-film.com\/en\/\",\"name\":\"JOMI \u2013 lautlos, aber nicht sprachlos\",\"description\":\"Ein Dokumentarfilm von Sebastian Voltmer\",\"potentialAction\":[{\"@type\":\"SearchAction\",\"target\":{\"@type\":\"EntryPoint\",\"urlTemplate\":\"https:\/\/jomi-film.com\/en\/?s={search_term_string}\"},\"query-input\":{\"@type\":\"PropertyValueSpecification\",\"valueRequired\":true,\"valueName\":\"search_term_string\"}}],\"inLanguage\":\"en-US\"}]}<\/script>\n<!-- \/ Yoast SEO plugin. -->","yoast_head_json":{"title":"Dokumentary | Arte | German TV | JOMI | Inklusion | Sign language | Sebastian Voltmer | LichtenSTERN.tv","robots":{"index":"index","follow":"follow","max-snippet":"max-snippet:-1","max-image-preview":"max-image-preview:large","max-video-preview":"max-video-preview:-1"},"canonical":"https:\/\/jomi-film.com\/en\/jomi-film-at-arte-ard\/","og_locale":"en_US","og_type":"article","og_title":"Dokumentary | Arte | German TV | JOMI | Inklusion | Sign language | Sebastian Voltmer | LichtenSTERN.tv","og_description":"Sebastian Voltmer also produced a version of the documentary about JOMI for Arte. It can be viewed below in the ARD media library (in German language). &nbsp; Dokumentationen und Reportagen: Poet der Stille &#8211; Der Pantomime JOMI &#8211; hier anschauen Am 15.8.2025 ist der international bekannte Pantomime JOMI im Alter von 73 Jahren verstorben. Geboren wurde er als Josef MichaelRead More","og_url":"https:\/\/jomi-film.com\/en\/jomi-film-at-arte-ard\/","og_site_name":"JOMI \u2013 lautlos, aber nicht sprachlos","og_image":[{"url":"https:\/\/www.ardmediathek.de\/img?imwidth=1280&amp;url=https%3A%2F%2Fapi.ardmediathek.de%2Fimage-service%2Fimages%2Furn%3Aard%3Aimage%3Afec1cd869faa90a8%3Fw%3D%7Bwidth%7D%26ch%3D9d4dcf2f27956164","type":"","width":"","height":""}],"twitter_card":"summary_large_image","twitter_misc":{"Est. reading time":"1 minute"},"schema":{"@context":"https:\/\/schema.org","@graph":[{"@type":"WebPage","@id":"https:\/\/jomi-film.com\/en\/jomi-film-at-arte-ard\/","url":"https:\/\/jomi-film.com\/en\/jomi-film-at-arte-ard\/","name":"Dokumentary | Arte | German TV | JOMI | Inklusion | Sign language | Sebastian Voltmer | LichtenSTERN.tv","isPartOf":{"@id":"https:\/\/jomi-film.com\/en\/#website"},"primaryImageOfPage":{"@id":"https:\/\/jomi-film.com\/en\/jomi-film-at-arte-ard\/#primaryimage"},"image":{"@id":"https:\/\/jomi-film.com\/en\/jomi-film-at-arte-ard\/#primaryimage"},"thumbnailUrl":"https:\/\/www.ardmediathek.de\/img?imwidth=1280&amp;url=https%3A%2F%2Fapi.ardmediathek.de%2Fimage-service%2Fimages%2Furn%3Aard%3Aimage%3Afec1cd869faa90a8%3Fw%3D%7Bwidth%7D%26ch%3D9d4dcf2f27956164","datePublished":"2026-03-19T11:03:30+00:00","breadcrumb":{"@id":"https:\/\/jomi-film.com\/en\/jomi-film-at-arte-ard\/#breadcrumb"},"inLanguage":"en-US","potentialAction":[{"@type":"ReadAction","target":["https:\/\/jomi-film.com\/en\/jomi-film-at-arte-ard\/"]}]},{"@type":"ImageObject","inLanguage":"en-US","@id":"https:\/\/jomi-film.com\/en\/jomi-film-at-arte-ard\/#primaryimage","url":"https:\/\/www.ardmediathek.de\/img?imwidth=1280&amp;url=https%3A%2F%2Fapi.ardmediathek.de%2Fimage-service%2Fimages%2Furn%3Aard%3Aimage%3Afec1cd869faa90a8%3Fw%3D%7Bwidth%7D%26ch%3D9d4dcf2f27956164","contentUrl":"https:\/\/www.ardmediathek.de\/img?imwidth=1280&amp;url=https%3A%2F%2Fapi.ardmediathek.de%2Fimage-service%2Fimages%2Furn%3Aard%3Aimage%3Afec1cd869faa90a8%3Fw%3D%7Bwidth%7D%26ch%3D9d4dcf2f27956164"},{"@type":"BreadcrumbList","@id":"https:\/\/jomi-film.com\/en\/jomi-film-at-arte-ard\/#breadcrumb","itemListElement":[{"@type":"ListItem","position":1,"name":"Startseite","item":"https:\/\/jomi-film.com\/en\/"},{"@type":"ListItem","position":2,"name":"JOMI Film at Arte\/ARD"}]},{"@type":"WebSite","@id":"https:\/\/jomi-film.com\/en\/#website","url":"https:\/\/jomi-film.com\/en\/","name":"JOMI \u2013 lautlos, aber nicht sprachlos","description":"Ein Dokumentarfilm von Sebastian Voltmer","potentialAction":[{"@type":"SearchAction","target":{"@type":"EntryPoint","urlTemplate":"https:\/\/jomi-film.com\/en\/?s={search_term_string}"},"query-input":{"@type":"PropertyValueSpecification","valueRequired":true,"valueName":"search_term_string"}}],"inLanguage":"en-US"}]}},"_links":{"self":[{"href":"https:\/\/jomi-film.com\/en\/wp-json\/wp\/v2\/pages\/14246","targetHints":{"allow":["GET"]}}],"collection":[{"href":"https:\/\/jomi-film.com\/en\/wp-json\/wp\/v2\/pages"}],"about":[{"href":"https:\/\/jomi-film.com\/en\/wp-json\/wp\/v2\/types\/page"}],"author":[{"embeddable":true,"href":"https:\/\/jomi-film.com\/en\/wp-json\/wp\/v2\/users\/2"}],"replies":[{"embeddable":true,"href":"https:\/\/jomi-film.com\/en\/wp-json\/wp\/v2\/comments?post=14246"}],"version-history":[{"count":1,"href":"https:\/\/jomi-film.com\/en\/wp-json\/wp\/v2\/pages\/14246\/revisions"}],"predecessor-version":[{"id":14247,"href":"https:\/\/jomi-film.com\/en\/wp-json\/wp\/v2\/pages\/14246\/revisions\/14247"}],"wp:attachment":[{"href":"https:\/\/jomi-film.com\/en\/wp-json\/wp\/v2\/media?parent=14246"}],"curies":[{"name":"wp","href":"https:\/\/api.w.org\/{rel}","templated":true}]}}